{"id":1111,"date":"2023-11-07T17:12:38","date_gmt":"2023-11-07T09:12:38","guid":{"rendered":"https:\/\/sy-beauty.com\/?page_id=1111"},"modified":"2024-03-16T18:30:02","modified_gmt":"2024-03-16T10:30:02","slug":"privacy-policy","status":"publish","type":"page","link":"https:\/\/sy-beauty.com\/pt\/privacy-policy\/","title":{"rendered":"POL\u00cdTICA DE PRIVACIDADE"},"content":{"rendered":"<p>Esta Pol\u00edtica de Privacidade descreve como suas informa\u00e7\u00f5es pessoais s\u00e3o coletadas, usadas e compartilhadas quando voc\u00ea visita ou faz uma compra no https:\/\/www.sy-beauty.com\/ (o \"Site\").&nbsp;<\/p>\n\n\n\n<p><strong>Informa\u00e7\u00f5es pessoais que coletamos&nbsp;<\/strong><br>Quando voc\u00ea visita o Site, coletamos automaticamente determinadas informa\u00e7\u00f5es sobre seu dispositivo, inclusive informa\u00e7\u00f5es sobre seu navegador da Web, endere\u00e7o IP, fuso hor\u00e1rio e alguns dos cookies instalados em seu dispositivo. Al\u00e9m disso, \u00e0 medida que voc\u00ea navega no Site, coletamos informa\u00e7\u00f5es sobre as p\u00e1ginas da Web ou os produtos individuais que voc\u00ea visualiza, quais sites ou termos de pesquisa o encaminharam ao Site e informa\u00e7\u00f5es sobre como voc\u00ea interage com o Site. N\u00f3s nos referimos a essas informa\u00e7\u00f5es coletadas automaticamente como \"Informa\u00e7\u00f5es do dispositivo\".&nbsp;<\/p>\n\n\n\n<p>Coletamos informa\u00e7\u00f5es do dispositivo usando as seguintes tecnologias:&nbsp;<br>- \"Cookies\" s\u00e3o arquivos de dados que s\u00e3o colocados no seu dispositivo ou computador e geralmente incluem um identificador exclusivo an\u00f4nimo. Para obter mais informa\u00e7\u00f5es sobre cookies e como desativ\u00e1-los, visite http:\/\/www.allaboutcookies.org.&nbsp;<br>- Os \"arquivos de registro\" rastreiam as a\u00e7\u00f5es que ocorrem no Site e coletam dados, inclusive seu endere\u00e7o IP, tipo de navegador, provedor de servi\u00e7os de Internet, p\u00e1ginas de refer\u00eancia\/sa\u00edda e carimbos de data\/hora.&nbsp;<br>- \"Web beacons\", \"tags\" e \"pixels\" s\u00e3o arquivos eletr\u00f4nicos usados para registrar informa\u00e7\u00f5es sobre como voc\u00ea navega no Site.&nbsp;<\/p>\n\n\n\n<p><strong>Compartilhamento de suas informa\u00e7\u00f5es pessoais&nbsp;<\/strong><br>Compartilhamos suas Informa\u00e7\u00f5es Pessoais com terceiros para nos ajudar a usar suas Informa\u00e7\u00f5es Pessoais, conforme descrito acima. Usamos o Google Analytics para nos ajudar a entender como nossos clientes usam o Site - voc\u00ea pode ler mais sobre como o Google usa suas Informa\u00e7\u00f5es Pessoais aqui: https:\/\/www.google.com\/intl\/en\/policies\/privacy\/. Voc\u00ea tamb\u00e9m pode optar por n\u00e3o usar o Google Analytics aqui: https:\/\/tools.google.com\/dlpage\/gaoptout.&nbsp;<\/p>\n\n\n\n<p>Por fim, tamb\u00e9m podemos compartilhar suas Informa\u00e7\u00f5es Pessoais para cumprir as leis e os regulamentos aplic\u00e1veis, para responder a uma intima\u00e7\u00e3o, mandado de busca ou outras solicita\u00e7\u00f5es legais de informa\u00e7\u00f5es que recebemos, ou para proteger nossos direitos.&nbsp;<\/p>\n\n\n\n<p><strong>Publicidade comportamental&nbsp;<\/strong><br>Conforme descrito acima, usamos suas Informa\u00e7\u00f5es Pessoais para lhe fornecer an\u00fancios direcionados ou comunica\u00e7\u00f5es de marketing que acreditamos ser de seu interesse. Para obter mais informa\u00e7\u00f5es sobre como funciona a publicidade direcionada, visite a p\u00e1gina educacional da Network Advertising Initiative (\"NAI\") em http:\/\/www.networkadvertising.org\/understanding-online-advertising\/how-does-it-work.&nbsp;<\/p>\n\n\n\n<p>Voc\u00ea pode optar por n\u00e3o receber publicidade direcionada usando os links abaixo:&nbsp;<br>- Facebook: https:\/\/www.facebook.com\/settings\/?tab=ads&nbsp;<br>- Google: https:\/\/www.google.com\/settings\/ads\/anonymous&nbsp;<br>-Bing: https:\/\/advertise.bingads.microsoft.com\/en-us\/resources\/policies\/personalized-ads&nbsp;<\/p>\n\n\n\n<p>Al\u00e9m disso, voc\u00ea pode desativar alguns desses servi\u00e7os visitando o portal de desativa\u00e7\u00e3o da Digital Advertising Alliance em: http:\/\/optout.aboutads.info\/.&nbsp;<\/p>\n\n\n\n<p><strong>N\u00e3o rastrear&nbsp;<\/strong><br>Observe que n\u00e3o alteramos as pr\u00e1ticas de coleta e uso de dados do nosso Site quando vemos um sinal de N\u00e3o Rastrear do seu navegador.&nbsp;<\/p>\n\n\n\n<p>Procedimento de atualiza\u00e7\u00e3o da declara\u00e7\u00e3o de privacidade do site<\/p>\n\n\n\n<p>Reservamo-nos o direito de corrigir ou alterar esta Declara\u00e7\u00e3o de Privacidade do Site a qualquer momento, portanto, revise-a com frequ\u00eancia. Se alterarmos esta Declara\u00e7\u00e3o de Privacidade do Site, publicaremos a vers\u00e3o revisada, com uma data de revis\u00e3o atualizada. Ao continuar a usar nosso Site ap\u00f3s a entrada em vigor dessas revis\u00f5es, voc\u00ea aceita e concorda com as revis\u00f5es.<\/p>\n\n\n\n<p><strong>Interpreta\u00e7\u00e3o da Declara\u00e7\u00e3o de Privacidade deste site<\/strong><br>Qualquer interpreta\u00e7\u00e3o desta Declara\u00e7\u00e3o de Privacidade do Site ser\u00e1 feita pela Transtek. Esta Declara\u00e7\u00e3o de Privacidade do Site n\u00e3o cria ou confere a qualquer indiv\u00edduo quaisquer direitos ou imp\u00f5e \u00e0 Transtek quaisquer obriga\u00e7\u00f5es fora de, ou al\u00e9m de, quaisquer direitos ou obriga\u00e7\u00f5es impostas pelas leis de privacidade aplic\u00e1veis aos Dados Pessoais de tal indiv\u00edduo. Caso haja, em um caso espec\u00edfico, qualquer inconsist\u00eancia entre esta Declara\u00e7\u00e3o de Privacidade do Site e tais leis de privacidade, esta Declara\u00e7\u00e3o de Privacidade do Site dever\u00e1 ser interpretada de forma a cumprir tais leis de privacidade?<\/p>\n\n\n\n<p>Entre em contato conosco&nbsp;<br>Para obter mais informa\u00e7\u00f5es sobre nossas pr\u00e1ticas de privacidade, se tiver d\u00favidas ou se quiser fazer uma reclama\u00e7\u00e3o, entre em contato conosco pelo e-mail shangyang-63@sy-beauty.com<\/p>\n\n\n\n<p><\/p>","protected":false},"excerpt":{"rendered":"<p>This Privacy Policy describes how your personal information is collected, used, and shared when you visit or make a purchase from https:\/\/www.sy-beauty.com\/ (the \u201cSite\u201d).&nbsp; Personal information we collect&nbsp;When you visit the Site, we automatically collect certain information about your device, including information about your web browser, IP address, time zone, and some of the cookies [&hellip;]<\/p>","protected":false},"author":1,"featured_media":0,"parent":0,"menu_order":0,"comment_status":"closed","ping_status":"closed","template":"","meta":{"site-sidebar-layout":"default","site-content-layout":"","ast-site-content-layout":"default","site-content-style":"default","site-sidebar-style":"default","ast-global-header-display":"","ast-banner-title-visibility":"","ast-main-header-display":"","ast-hfb-above-header-display":"","ast-hfb-below-header-display":"","ast-hfb-mobile-header-display":"","site-post-title":"","ast-breadcrumbs-content":"","ast-featured-img":"","footer-sml-layout":"","theme-transparent-header-meta":"","adv-header-id-meta":"","stick-header-meta":"","header-above-stick-meta":"","header-main-stick-meta":"","header-below-stick-meta":"","astra-migrate-meta-layouts":"set","ast-page-background-enabled":"default","ast-page-background-meta":{"desktop":{"background-color":"var(--ast-global-color-4)","background-image":"","background-repeat":"repeat","background-position":"center center","background-size":"auto","background-attachment":"scroll","background-type":"","background-media":"","overlay-type":"","overlay-color":"","overlay-opacity":"","overlay-gradient":""},"tablet":{"background-color":"","background-image":"","background-repeat":"repeat","background-position":"center center","background-size":"auto","background-attachment":"scroll","background-type":"","background-media":"","overlay-type":"","overlay-color":"","overlay-opacity":"","overlay-gradient":""},"mobile":{"background-color":"","background-image":"","background-repeat":"repeat","background-position":"center center","background-size":"auto","background-attachment":"scroll","background-type":"","background-media":"","overlay-type":"","overlay-color":"","overlay-opacity":"","overlay-gradient":""}},"ast-content-background-meta":{"desktop":{"background-color":"var(--ast-global-color-5)","background-image":"","background-repeat":"repeat","background-position":"center center","background-size":"auto","background-attachment":"scroll","background-type":"","background-media":"","overlay-type":"","overlay-color":"","overlay-opacity":"","overlay-gradient":""},"tablet":{"background-color":"var(--ast-global-color-5)","background-image":"","background-repeat":"repeat","background-position":"center center","background-size":"auto","background-attachment":"scroll","background-type":"","background-media":"","overlay-type":"","overlay-color":"","overlay-opacity":"","overlay-gradient":""},"mobile":{"background-color":"var(--ast-global-color-5)","background-image":"","background-repeat":"repeat","background-position":"center center","background-size":"auto","background-attachment":"scroll","background-type":"","background-media":"","overlay-type":"","overlay-color":"","overlay-opacity":"","overlay-gradient":""}},"footnotes":""},"class_list":["post-1111","page","type-page","status-publish","hentry"],"yoast_head":"<!-- This site is optimized with the Yoast SEO plugin v23.3 - https:\/\/yoast.com\/wordpress\/plugins\/seo\/ -->\n<title>PRIVACY POLICY<\/title>\n<meta name=\"robots\" content=\"index, follow, max-snippet:-1, max-image-preview:large, max-video-preview:-1\" \/>\n<link rel=\"canonical\" href=\"https:\/\/sy-beauty.com\/pt\/privacy-policy\/\" \/>\n<meta property=\"og:locale\" content=\"pt_BR\" \/>\n<meta property=\"og:type\" content=\"article\" \/>\n<meta property=\"og:title\" content=\"PRIVACY POLICY\" \/>\n<meta property=\"og:description\" content=\"This Privacy Policy describes how your personal information is collected, used, and shared when you visit or make a purchase from https:\/\/www.sy-beauty.com\/ (the \u201cSite\u201d).&nbsp; Personal information we collect&nbsp;When you visit the Site, we automatically collect certain information about your device, including information about your web browser, IP address, time zone, and some of the cookies [&hellip;]\" \/>\n<meta property=\"og:url\" content=\"https:\/\/sy-beauty.com\/pt\/privacy-policy\/\" \/>\n<meta property=\"article:publisher\" content=\"https:\/\/www.facebook.com\/SHANGYANGGLOBAL\" \/>\n<meta property=\"article:modified_time\" content=\"2024-03-16T10:30:02+00:00\" \/>\n<meta name=\"twitter:card\" content=\"summary_large_image\" \/>\n<meta name=\"twitter:label1\" content=\"Est. tempo de leitura\" \/>\n\t<meta name=\"twitter:data1\" content=\"3 minutos\" \/>\n<script type=\"application\/ld+json\" class=\"yoast-schema-graph\">{\"@context\":\"https:\/\/schema.org\",\"@graph\":[{\"@type\":\"WebPage\",\"@id\":\"https:\/\/sy-beauty.com\/privacy-policy\/\",\"url\":\"https:\/\/sy-beauty.com\/privacy-policy\/\",\"name\":\"PRIVACY POLICY\",\"isPartOf\":{\"@id\":\"https:\/\/sy-beauty.com\/#website\"},\"datePublished\":\"2023-11-07T09:12:38+00:00\",\"dateModified\":\"2024-03-16T10:30:02+00:00\",\"breadcrumb\":{\"@id\":\"https:\/\/sy-beauty.com\/privacy-policy\/#breadcrumb\"},\"inLanguage\":\"pt-BR\",\"potentialAction\":[{\"@type\":\"ReadAction\",\"target\":[\"https:\/\/sy-beauty.com\/privacy-policy\/\"]}]},{\"@type\":\"BreadcrumbList\",\"@id\":\"https:\/\/sy-beauty.com\/privacy-policy\/#breadcrumb\",\"itemListElement\":[{\"@type\":\"ListItem\",\"position\":1,\"name\":\"Home\",\"item\":\"https:\/\/sy-beauty.com\/\"},{\"@type\":\"ListItem\",\"position\":2,\"name\":\"PRIVACY POLICY\"}]},{\"@type\":\"WebSite\",\"@id\":\"https:\/\/sy-beauty.com\/#website\",\"url\":\"https:\/\/sy-beauty.com\/\",\"name\":\"https:\/\/sy-beauty.com\/\",\"description\":\"\",\"publisher\":{\"@id\":\"https:\/\/sy-beauty.com\/#organization\"},\"potentialAction\":[{\"@type\":\"SearchAction\",\"target\":{\"@type\":\"EntryPoint\",\"urlTemplate\":\"https:\/\/sy-beauty.com\/?s={search_term_string}\"},\"query-input\":\"required name=search_term_string\"}],\"inLanguage\":\"pt-BR\"},{\"@type\":\"Organization\",\"@id\":\"https:\/\/sy-beauty.com\/#organization\",\"name\":\"shangyang makeup brush\",\"url\":\"https:\/\/sy-beauty.com\/\",\"logo\":{\"@type\":\"ImageObject\",\"inLanguage\":\"pt-BR\",\"@id\":\"https:\/\/sy-beauty.com\/#\/schema\/logo\/image\/\",\"url\":\"https:\/\/sy-beauty.com\/wp-content\/uploads\/2023\/08\/logos.webp\",\"contentUrl\":\"https:\/\/sy-beauty.com\/wp-content\/uploads\/2023\/08\/logos.webp\",\"width\":402,\"height\":295,\"caption\":\"shangyang makeup brush\"},\"image\":{\"@id\":\"https:\/\/sy-beauty.com\/#\/schema\/logo\/image\/\"},\"sameAs\":[\"https:\/\/www.facebook.com\/SHANGYANGGLOBAL\",\"https:\/\/www.instagram.com\/sybeautybrush\/\",\"https:\/\/www.youtube.com\/@SYBeautyBrush\"]}]}<\/script>\n<!-- \/ Yoast SEO plugin. -->","yoast_head_json":{"title":"PRIVACY POLICY","robots":{"index":"index","follow":"follow","max-snippet":"max-snippet:-1","max-image-preview":"max-image-preview:large","max-video-preview":"max-video-preview:-1"},"canonical":"https:\/\/sy-beauty.com\/pt\/privacy-policy\/","og_locale":"pt_BR","og_type":"article","og_title":"PRIVACY POLICY","og_description":"This Privacy Policy describes how your personal information is collected, used, and shared when you visit or make a purchase from https:\/\/www.sy-beauty.com\/ (the \u201cSite\u201d).&nbsp; Personal information we collect&nbsp;When you visit the Site, we automatically collect certain information about your device, including information about your web browser, IP address, time zone, and some of the cookies [&hellip;]","og_url":"https:\/\/sy-beauty.com\/pt\/privacy-policy\/","article_publisher":"https:\/\/www.facebook.com\/SHANGYANGGLOBAL","article_modified_time":"2024-03-16T10:30:02+00:00","twitter_card":"summary_large_image","twitter_misc":{"Est. tempo de leitura":"3 minutos"},"schema":{"@context":"https:\/\/schema.org","@graph":[{"@type":"WebPage","@id":"https:\/\/sy-beauty.com\/privacy-policy\/","url":"https:\/\/sy-beauty.com\/privacy-policy\/","name":"PRIVACY POLICY","isPartOf":{"@id":"https:\/\/sy-beauty.com\/#website"},"datePublished":"2023-11-07T09:12:38+00:00","dateModified":"2024-03-16T10:30:02+00:00","breadcrumb":{"@id":"https:\/\/sy-beauty.com\/privacy-policy\/#breadcrumb"},"inLanguage":"pt-BR","potentialAction":[{"@type":"ReadAction","target":["https:\/\/sy-beauty.com\/privacy-policy\/"]}]},{"@type":"BreadcrumbList","@id":"https:\/\/sy-beauty.com\/privacy-policy\/#breadcrumb","itemListElement":[{"@type":"ListItem","position":1,"name":"Home","item":"https:\/\/sy-beauty.com\/"},{"@type":"ListItem","position":2,"name":"PRIVACY POLICY"}]},{"@type":"WebSite","@id":"https:\/\/sy-beauty.com\/#website","url":"https:\/\/sy-beauty.com\/","name":"https:\/\/sy-beauty.com\/","description":"","publisher":{"@id":"https:\/\/sy-beauty.com\/#organization"},"potentialAction":[{"@type":"SearchAction","target":{"@type":"EntryPoint","urlTemplate":"https:\/\/sy-beauty.com\/?s={search_term_string}"},"query-input":"required name=search_term_string"}],"inLanguage":"pt-BR"},{"@type":"Organization","@id":"https:\/\/sy-beauty.com\/#organization","name":"shangyang makeup brush","url":"https:\/\/sy-beauty.com\/","logo":{"@type":"ImageObject","inLanguage":"pt-BR","@id":"https:\/\/sy-beauty.com\/#\/schema\/logo\/image\/","url":"https:\/\/sy-beauty.com\/wp-content\/uploads\/2023\/08\/logos.webp","contentUrl":"https:\/\/sy-beauty.com\/wp-content\/uploads\/2023\/08\/logos.webp","width":402,"height":295,"caption":"shangyang makeup brush"},"image":{"@id":"https:\/\/sy-beauty.com\/#\/schema\/logo\/image\/"},"sameAs":["https:\/\/www.facebook.com\/SHANGYANGGLOBAL","https:\/\/www.instagram.com\/sybeautybrush\/","https:\/\/www.youtube.com\/@SYBeautyBrush"]}]}},"_links":{"self":[{"href":"https:\/\/sy-beauty.com\/pt\/wp-json\/wp\/v2\/pages\/1111","targetHints":{"allow":["GET"]}}],"collection":[{"href":"https:\/\/sy-beauty.com\/pt\/wp-json\/wp\/v2\/pages"}],"about":[{"href":"https:\/\/sy-beauty.com\/pt\/wp-json\/wp\/v2\/types\/page"}],"author":[{"embeddable":true,"href":"https:\/\/sy-beauty.com\/pt\/wp-json\/wp\/v2\/users\/1"}],"replies":[{"embeddable":true,"href":"https:\/\/sy-beauty.com\/pt\/wp-json\/wp\/v2\/comments?post=1111"}],"version-history":[{"count":0,"href":"https:\/\/sy-beauty.com\/pt\/wp-json\/wp\/v2\/pages\/1111\/revisions"}],"wp:attachment":[{"href":"https:\/\/sy-beauty.com\/pt\/wp-json\/wp\/v2\/media?parent=1111"}],"curies":[{"name":"wp","href":"https:\/\/api.w.org\/{rel}","templated":true}]}}