{"id":1111,"date":"2023-11-07T17:12:38","date_gmt":"2023-11-07T09:12:38","guid":{"rendered":"https:\/\/sy-beauty.com\/?page_id=1111"},"modified":"2024-03-16T18:30:02","modified_gmt":"2024-03-16T10:30:02","slug":"privacy-policy","status":"publish","type":"page","link":"https:\/\/sy-beauty.com\/fr\/privacy-policy\/","title":{"rendered":"POLITIQUE DE CONFIDENTIALIT\u00c9"},"content":{"rendered":"<p>La pr\u00e9sente politique de confidentialit\u00e9 d\u00e9crit la mani\u00e8re dont vos informations personnelles sont collect\u00e9es, utilis\u00e9es et partag\u00e9es lorsque vous visitez ou effectuez un achat sur https:\/\/www.sy-beauty.com\/ (le \"Site\").&nbsp;<\/p>\n\n\n\n<p><strong>Les informations personnelles que nous recueillons&nbsp;<\/strong><br>Lorsque vous visitez le site, nous recueillons automatiquement certaines informations sur votre appareil, notamment sur votre navigateur web, votre adresse IP, votre fuseau horaire et certains des cookies install\u00e9s sur votre appareil. En outre, lorsque vous naviguez sur le site, nous recueillons des informations sur les pages web ou les produits que vous consultez, sur les sites web ou les termes de recherche qui vous ont renvoy\u00e9 sur le site et sur la mani\u00e8re dont vous interagissez avec le site. Ces informations collect\u00e9es automatiquement sont appel\u00e9es \"informations sur l'appareil\".&nbsp;<\/p>\n\n\n\n<p>Nous recueillons des informations sur les appareils \u00e0 l'aide des technologies suivantes :&nbsp;<br>- Les \"cookies\" sont des fichiers de donn\u00e9es qui sont plac\u00e9s sur votre appareil ou votre ordinateur et qui comprennent souvent un identifiant unique anonyme. Pour plus d'informations sur les cookies et sur la mani\u00e8re de les d\u00e9sactiver, consultez le site http:\/\/www.allaboutcookies.org.&nbsp;<br>- Les \"fichiers journaux\" suivent les actions effectu\u00e9es sur le site et recueillent des donn\u00e9es telles que votre adresse IP, votre type de navigateur, votre fournisseur d'acc\u00e8s \u00e0 Internet, les pages de renvoi et de sortie, ainsi que les horodatages.&nbsp;<br>- Les \"balises web\", les \"tags\" et les \"pixels\" sont des fichiers \u00e9lectroniques utilis\u00e9s pour enregistrer des informations sur la fa\u00e7on dont vous naviguez sur le site.&nbsp;<\/p>\n\n\n\n<p><strong>Partage des informations personnelles&nbsp;<\/strong><br>Nous partageons vos informations personnelles avec des tiers pour nous aider \u00e0 utiliser vos informations personnelles, comme d\u00e9crit ci-dessus. Nous utilisons Google Analytics pour nous aider \u00e0 comprendre comment nos clients utilisent le Site - vous pouvez en savoir plus sur la fa\u00e7on dont Google utilise vos Informations personnelles ici : https:\/\/www.google.com\/intl\/en\/policies\/privacy\/. Vous pouvez \u00e9galement d\u00e9sactiver Google Analytics ici : https:\/\/tools.google.com\/dlpage\/gaoptout.&nbsp;<\/p>\n\n\n\n<p>Enfin, nous pouvons \u00e9galement partager vos informations personnelles pour nous conformer aux lois et r\u00e9glementations applicables, pour r\u00e9pondre \u00e0 une citation \u00e0 compara\u00eetre, \u00e0 un mandat de perquisition ou \u00e0 d'autres demandes l\u00e9gales d'informations que nous recevons, ou pour prot\u00e9ger nos droits de toute autre mani\u00e8re.&nbsp;<\/p>\n\n\n\n<p><strong>Publicit\u00e9 comportementale&nbsp;<\/strong><br>Comme d\u00e9crit ci-dessus, nous utilisons vos informations personnelles pour vous fournir des publicit\u00e9s cibl\u00e9es ou des communications marketing que nous pensons susceptibles de vous int\u00e9resser. Pour plus d'informations sur le fonctionnement de la publicit\u00e9 cibl\u00e9e, vous pouvez consulter la page \u00e9ducative de la Network Advertising Initiative (\"NAI\") \u00e0 l'adresse http:\/\/www.networkadvertising.org\/understanding-online-advertising\/how-does-it-work.&nbsp;<\/p>\n\n\n\n<p>Vous pouvez refuser la publicit\u00e9 cibl\u00e9e en utilisant les liens ci-dessous :&nbsp;<br>- Facebook : https:\/\/www.facebook.com\/settings\/?tab=ads&nbsp;<br>- Google : https:\/\/www.google.com\/settings\/ads\/anonymous&nbsp;<br>Bing : https:\/\/advertise.bingads.microsoft.com\/en-us\/resources\/policies\/personalized-ads&nbsp;<\/p>\n\n\n\n<p>En outre, vous pouvez refuser certains de ces services en visitant le portail de d\u00e9sactivation de la Digital Advertising Alliance \u00e0 l'adresse suivante : http:\/\/optout.aboutads.info\/.&nbsp;<\/p>\n\n\n\n<p><strong>Ne pas suivre&nbsp;<\/strong><br>Veuillez noter que nous ne modifions pas les pratiques de collecte et d'utilisation des donn\u00e9es de notre site lorsque nous recevons un signal \"Do Not Track\" de votre navigateur.&nbsp;<\/p>\n\n\n\n<p>Proc\u00e9dure de mise \u00e0 jour de la d\u00e9claration de confidentialit\u00e9 du site web<\/p>\n\n\n\n<p>Nous nous r\u00e9servons le droit d'amender ou de modifier la pr\u00e9sente d\u00e9claration de confidentialit\u00e9 du site web \u00e0 tout moment, c'est pourquoi nous vous invitons \u00e0 la consulter fr\u00e9quemment. Si nous modifions la pr\u00e9sente d\u00e9claration de confidentialit\u00e9 du site web, nous publierons la version r\u00e9vis\u00e9e, avec une date de r\u00e9vision mise \u00e0 jour. En continuant \u00e0 utiliser notre site web apr\u00e8s l'entr\u00e9e en vigueur de ces r\u00e9visions, vous les acceptez.<\/p>\n\n\n\n<p><strong>Interpr\u00e9tation de la d\u00e9claration de confidentialit\u00e9 de ce site web<\/strong><br>Toute interpr\u00e9tation de la pr\u00e9sente D\u00e9claration de confidentialit\u00e9 du site web sera effectu\u00e9e par Transtek. La pr\u00e9sente D\u00e9claration de confidentialit\u00e9 du site Web ne cr\u00e9e ni ne conf\u00e8re \u00e0 aucun individu des droits ou n'impose \u00e0 Transtek aucune obligation en dehors ou en plus des droits ou obligations impos\u00e9s par les lois sur la protection de la vie priv\u00e9e applicables aux donn\u00e9es personnelles de l'individu en question. S'il existe, dans un cas sp\u00e9cifique, une incoh\u00e9rence entre la pr\u00e9sente D\u00e9claration de confidentialit\u00e9 du site web et ces lois sur la protection de la vie priv\u00e9e, la pr\u00e9sente D\u00e9claration de confidentialit\u00e9 du site web sera interpr\u00e9t\u00e9e de mani\u00e8re \u00e0 se conformer \u00e0 ces lois sur la protection de la vie priv\u00e9e ?<\/p>\n\n\n\n<p>Contactez nous&nbsp;<br>Pour plus d'informations sur nos pratiques en mati\u00e8re de protection de la vie priv\u00e9e, si vous avez des questions ou si vous souhaitez d\u00e9poser une plainte, veuillez nous contacter par courrier \u00e9lectronique \u00e0 l'adresse suivante : shangyang-63@sy-beauty.com.<\/p>\n\n\n\n<p><\/p>","protected":false},"excerpt":{"rendered":"<p>This Privacy Policy describes how your personal information is collected, used, and shared when you visit or make a purchase from https:\/\/www.sy-beauty.com\/ (the \u201cSite\u201d).&nbsp; Personal information we collect&nbsp;When you visit the Site, we automatically collect certain information about your device, including information about your web browser, IP address, time zone, and some of the cookies [&hellip;]<\/p>","protected":false},"author":1,"featured_media":0,"parent":0,"menu_order":0,"comment_status":"closed","ping_status":"closed","template":"","meta":{"site-sidebar-layout":"default","site-content-layout":"","ast-site-content-layout":"default","site-content-style":"default","site-sidebar-style":"default","ast-global-header-display":"","ast-banner-title-visibility":"","ast-main-header-display":"","ast-hfb-above-header-display":"","ast-hfb-below-header-display":"","ast-hfb-mobile-header-display":"","site-post-title":"","ast-breadcrumbs-content":"","ast-featured-img":"","footer-sml-layout":"","theme-transparent-header-meta":"","adv-header-id-meta":"","stick-header-meta":"","header-above-stick-meta":"","header-main-stick-meta":"","header-below-stick-meta":"","astra-migrate-meta-layouts":"set","ast-page-background-enabled":"default","ast-page-background-meta":{"desktop":{"background-color":"var(--ast-global-color-4)","background-image":"","background-repeat":"repeat","background-position":"center center","background-size":"auto","background-attachment":"scroll","background-type":"","background-media":"","overlay-type":"","overlay-color":"","overlay-opacity":"","overlay-gradient":""},"tablet":{"background-color":"","background-image":"","background-repeat":"repeat","background-position":"center center","background-size":"auto","background-attachment":"scroll","background-type":"","background-media":"","overlay-type":"","overlay-color":"","overlay-opacity":"","overlay-gradient":""},"mobile":{"background-color":"","background-image":"","background-repeat":"repeat","background-position":"center center","background-size":"auto","background-attachment":"scroll","background-type":"","background-media":"","overlay-type":"","overlay-color":"","overlay-opacity":"","overlay-gradient":""}},"ast-content-background-meta":{"desktop":{"background-color":"var(--ast-global-color-5)","background-image":"","background-repeat":"repeat","background-position":"center center","background-size":"auto","background-attachment":"scroll","background-type":"","background-media":"","overlay-type":"","overlay-color":"","overlay-opacity":"","overlay-gradient":""},"tablet":{"background-color":"var(--ast-global-color-5)","background-image":"","background-repeat":"repeat","background-position":"center center","background-size":"auto","background-attachment":"scroll","background-type":"","background-media":"","overlay-type":"","overlay-color":"","overlay-opacity":"","overlay-gradient":""},"mobile":{"background-color":"var(--ast-global-color-5)","background-image":"","background-repeat":"repeat","background-position":"center center","background-size":"auto","background-attachment":"scroll","background-type":"","background-media":"","overlay-type":"","overlay-color":"","overlay-opacity":"","overlay-gradient":""}},"footnotes":""},"class_list":["post-1111","page","type-page","status-publish","hentry"],"yoast_head":"<!-- This site is optimized with the Yoast SEO plugin v23.3 - https:\/\/yoast.com\/wordpress\/plugins\/seo\/ -->\n<title>PRIVACY POLICY<\/title>\n<meta name=\"robots\" content=\"index, follow, max-snippet:-1, max-image-preview:large, max-video-preview:-1\" \/>\n<link rel=\"canonical\" href=\"https:\/\/sy-beauty.com\/fr\/privacy-policy\/\" \/>\n<meta property=\"og:locale\" content=\"fr_FR\" \/>\n<meta property=\"og:type\" content=\"article\" \/>\n<meta property=\"og:title\" content=\"PRIVACY POLICY\" \/>\n<meta property=\"og:description\" content=\"This Privacy Policy describes how your personal information is collected, used, and shared when you visit or make a purchase from https:\/\/www.sy-beauty.com\/ (the \u201cSite\u201d).&nbsp; Personal information we collect&nbsp;When you visit the Site, we automatically collect certain information about your device, including information about your web browser, IP address, time zone, and some of the cookies [&hellip;]\" \/>\n<meta property=\"og:url\" content=\"https:\/\/sy-beauty.com\/fr\/privacy-policy\/\" \/>\n<meta property=\"article:publisher\" content=\"https:\/\/www.facebook.com\/SHANGYANGGLOBAL\" \/>\n<meta property=\"article:modified_time\" content=\"2024-03-16T10:30:02+00:00\" \/>\n<meta name=\"twitter:card\" content=\"summary_large_image\" \/>\n<meta name=\"twitter:label1\" content=\"Dur\u00e9e de lecture estim\u00e9e\" \/>\n\t<meta name=\"twitter:data1\" content=\"3 minutes\" \/>\n<script type=\"application\/ld+json\" class=\"yoast-schema-graph\">{\"@context\":\"https:\/\/schema.org\",\"@graph\":[{\"@type\":\"WebPage\",\"@id\":\"https:\/\/sy-beauty.com\/privacy-policy\/\",\"url\":\"https:\/\/sy-beauty.com\/privacy-policy\/\",\"name\":\"PRIVACY POLICY\",\"isPartOf\":{\"@id\":\"https:\/\/sy-beauty.com\/#website\"},\"datePublished\":\"2023-11-07T09:12:38+00:00\",\"dateModified\":\"2024-03-16T10:30:02+00:00\",\"breadcrumb\":{\"@id\":\"https:\/\/sy-beauty.com\/privacy-policy\/#breadcrumb\"},\"inLanguage\":\"fr-FR\",\"potentialAction\":[{\"@type\":\"ReadAction\",\"target\":[\"https:\/\/sy-beauty.com\/privacy-policy\/\"]}]},{\"@type\":\"BreadcrumbList\",\"@id\":\"https:\/\/sy-beauty.com\/privacy-policy\/#breadcrumb\",\"itemListElement\":[{\"@type\":\"ListItem\",\"position\":1,\"name\":\"Home\",\"item\":\"https:\/\/sy-beauty.com\/\"},{\"@type\":\"ListItem\",\"position\":2,\"name\":\"PRIVACY POLICY\"}]},{\"@type\":\"WebSite\",\"@id\":\"https:\/\/sy-beauty.com\/#website\",\"url\":\"https:\/\/sy-beauty.com\/\",\"name\":\"https:\/\/sy-beauty.com\/\",\"description\":\"\",\"publisher\":{\"@id\":\"https:\/\/sy-beauty.com\/#organization\"},\"potentialAction\":[{\"@type\":\"SearchAction\",\"target\":{\"@type\":\"EntryPoint\",\"urlTemplate\":\"https:\/\/sy-beauty.com\/?s={search_term_string}\"},\"query-input\":\"required name=search_term_string\"}],\"inLanguage\":\"fr-FR\"},{\"@type\":\"Organization\",\"@id\":\"https:\/\/sy-beauty.com\/#organization\",\"name\":\"shangyang makeup brush\",\"url\":\"https:\/\/sy-beauty.com\/\",\"logo\":{\"@type\":\"ImageObject\",\"inLanguage\":\"fr-FR\",\"@id\":\"https:\/\/sy-beauty.com\/#\/schema\/logo\/image\/\",\"url\":\"https:\/\/sy-beauty.com\/wp-content\/uploads\/2023\/08\/logos.webp\",\"contentUrl\":\"https:\/\/sy-beauty.com\/wp-content\/uploads\/2023\/08\/logos.webp\",\"width\":402,\"height\":295,\"caption\":\"shangyang makeup brush\"},\"image\":{\"@id\":\"https:\/\/sy-beauty.com\/#\/schema\/logo\/image\/\"},\"sameAs\":[\"https:\/\/www.facebook.com\/SHANGYANGGLOBAL\",\"https:\/\/www.instagram.com\/sybeautybrush\/\",\"https:\/\/www.youtube.com\/@SYBeautyBrush\"]}]}<\/script>\n<!-- \/ Yoast SEO plugin. -->","yoast_head_json":{"title":"PRIVACY POLICY","robots":{"index":"index","follow":"follow","max-snippet":"max-snippet:-1","max-image-preview":"max-image-preview:large","max-video-preview":"max-video-preview:-1"},"canonical":"https:\/\/sy-beauty.com\/fr\/privacy-policy\/","og_locale":"fr_FR","og_type":"article","og_title":"PRIVACY POLICY","og_description":"This Privacy Policy describes how your personal information is collected, used, and shared when you visit or make a purchase from https:\/\/www.sy-beauty.com\/ (the \u201cSite\u201d).&nbsp; Personal information we collect&nbsp;When you visit the Site, we automatically collect certain information about your device, including information about your web browser, IP address, time zone, and some of the cookies [&hellip;]","og_url":"https:\/\/sy-beauty.com\/fr\/privacy-policy\/","article_publisher":"https:\/\/www.facebook.com\/SHANGYANGGLOBAL","article_modified_time":"2024-03-16T10:30:02+00:00","twitter_card":"summary_large_image","twitter_misc":{"Dur\u00e9e de lecture estim\u00e9e":"3 minutes"},"schema":{"@context":"https:\/\/schema.org","@graph":[{"@type":"WebPage","@id":"https:\/\/sy-beauty.com\/privacy-policy\/","url":"https:\/\/sy-beauty.com\/privacy-policy\/","name":"PRIVACY POLICY","isPartOf":{"@id":"https:\/\/sy-beauty.com\/#website"},"datePublished":"2023-11-07T09:12:38+00:00","dateModified":"2024-03-16T10:30:02+00:00","breadcrumb":{"@id":"https:\/\/sy-beauty.com\/privacy-policy\/#breadcrumb"},"inLanguage":"fr-FR","potentialAction":[{"@type":"ReadAction","target":["https:\/\/sy-beauty.com\/privacy-policy\/"]}]},{"@type":"BreadcrumbList","@id":"https:\/\/sy-beauty.com\/privacy-policy\/#breadcrumb","itemListElement":[{"@type":"ListItem","position":1,"name":"Home","item":"https:\/\/sy-beauty.com\/"},{"@type":"ListItem","position":2,"name":"PRIVACY POLICY"}]},{"@type":"WebSite","@id":"https:\/\/sy-beauty.com\/#website","url":"https:\/\/sy-beauty.com\/","name":"https:\/\/sy-beauty.com\/","description":"","publisher":{"@id":"https:\/\/sy-beauty.com\/#organization"},"potentialAction":[{"@type":"SearchAction","target":{"@type":"EntryPoint","urlTemplate":"https:\/\/sy-beauty.com\/?s={search_term_string}"},"query-input":"required name=search_term_string"}],"inLanguage":"fr-FR"},{"@type":"Organization","@id":"https:\/\/sy-beauty.com\/#organization","name":"shangyang makeup brush","url":"https:\/\/sy-beauty.com\/","logo":{"@type":"ImageObject","inLanguage":"fr-FR","@id":"https:\/\/sy-beauty.com\/#\/schema\/logo\/image\/","url":"https:\/\/sy-beauty.com\/wp-content\/uploads\/2023\/08\/logos.webp","contentUrl":"https:\/\/sy-beauty.com\/wp-content\/uploads\/2023\/08\/logos.webp","width":402,"height":295,"caption":"shangyang makeup brush"},"image":{"@id":"https:\/\/sy-beauty.com\/#\/schema\/logo\/image\/"},"sameAs":["https:\/\/www.facebook.com\/SHANGYANGGLOBAL","https:\/\/www.instagram.com\/sybeautybrush\/","https:\/\/www.youtube.com\/@SYBeautyBrush"]}]}},"_links":{"self":[{"href":"https:\/\/sy-beauty.com\/fr\/wp-json\/wp\/v2\/pages\/1111","targetHints":{"allow":["GET"]}}],"collection":[{"href":"https:\/\/sy-beauty.com\/fr\/wp-json\/wp\/v2\/pages"}],"about":[{"href":"https:\/\/sy-beauty.com\/fr\/wp-json\/wp\/v2\/types\/page"}],"author":[{"embeddable":true,"href":"https:\/\/sy-beauty.com\/fr\/wp-json\/wp\/v2\/users\/1"}],"replies":[{"embeddable":true,"href":"https:\/\/sy-beauty.com\/fr\/wp-json\/wp\/v2\/comments?post=1111"}],"version-history":[{"count":0,"href":"https:\/\/sy-beauty.com\/fr\/wp-json\/wp\/v2\/pages\/1111\/revisions"}],"wp:attachment":[{"href":"https:\/\/sy-beauty.com\/fr\/wp-json\/wp\/v2\/media?parent=1111"}],"curies":[{"name":"wp","href":"https:\/\/api.w.org\/{rel}","templated":true}]}}