{"id":1111,"date":"2023-11-07T17:12:38","date_gmt":"2023-11-07T09:12:38","guid":{"rendered":"https:\/\/sy-beauty.com\/?page_id=1111"},"modified":"2024-03-16T18:30:02","modified_gmt":"2024-03-16T10:30:02","slug":"privacy-policy","status":"publish","type":"page","link":"https:\/\/sy-beauty.com\/es\/privacy-policy\/","title":{"rendered":"POL\u00cdTICA DE PRIVACIDAD"},"content":{"rendered":"<p>Esta Pol\u00edtica de privacidad describe c\u00f3mo se recopila, utiliza y comparte su informaci\u00f3n personal cuando visita o realiza una compra en https:\/\/www.sy-beauty.com\/ (el \"Sitio\").&nbsp;<\/p>\n\n\n\n<p><strong>Informaci\u00f3n personal que recopilamos&nbsp;<\/strong><br>Cuando visita el Sitio, recopilamos autom\u00e1ticamente cierta informaci\u00f3n sobre su dispositivo, incluida informaci\u00f3n sobre su navegador web, direcci\u00f3n IP, zona horaria y algunas de las cookies instaladas en su dispositivo. Adem\u00e1s, a medida que navega por el sitio, recopilamos informaci\u00f3n sobre las p\u00e1ginas web o productos que visita, qu\u00e9 sitios web o t\u00e9rminos de b\u00fasqueda le han remitido al sitio e informaci\u00f3n sobre c\u00f3mo interact\u00faa con el sitio. Nos referimos a esta informaci\u00f3n recopilada autom\u00e1ticamente como \"Informaci\u00f3n del dispositivo\".&nbsp;<\/p>\n\n\n\n<p>Recopilamos informaci\u00f3n sobre dispositivos utilizando las siguientes tecnolog\u00edas:&nbsp;<br>- Las \"cookies\" son archivos de datos que se colocan en su dispositivo u ordenador y suelen incluir un identificador \u00fanico an\u00f3nimo. Para obtener m\u00e1s informaci\u00f3n sobre las cookies y c\u00f3mo desactivarlas, visite http:\/\/www.allaboutcookies.org.&nbsp;<br>- Los \"archivos de registro\" rastrean las acciones que se producen en el sitio y recopilan datos como su direcci\u00f3n IP, tipo de navegador, proveedor de servicios de Internet, p\u00e1ginas de referencia\/salida y sellos de fecha\/hora.&nbsp;<br>- Las \"balizas web\", \"etiquetas\" y \"p\u00edxeles\" son archivos electr\u00f3nicos que se utilizan para registrar informaci\u00f3n sobre su navegaci\u00f3n por el sitio.&nbsp;<\/p>\n\n\n\n<p><strong>Compartir su informaci\u00f3n personal&nbsp;<\/strong><br>Compartimos su Informaci\u00f3n Personal con terceros para que nos ayuden a utilizar su Informaci\u00f3n Personal, tal y como se ha descrito anteriormente. Utilizamos Google Analytics para ayudarnos a comprender c\u00f3mo utilizan nuestros clientes el Sitio; puede obtener m\u00e1s informaci\u00f3n sobre c\u00f3mo utiliza Google su Informaci\u00f3n Personal aqu\u00ed: https:\/\/www.google.com\/intl\/en\/policies\/privacy\/. Tambi\u00e9n puede darse de baja de Google Analytics aqu\u00ed: https:\/\/tools.google.com\/dlpage\/gaoptout.&nbsp;<\/p>\n\n\n\n<p>Por \u00faltimo, tambi\u00e9n podemos compartir sus Datos Personales para cumplir las leyes y normativas aplicables, para responder a una citaci\u00f3n, orden de registro u otras solicitudes legales de informaci\u00f3n que recibamos, o para proteger de otro modo nuestros derechos.&nbsp;<\/p>\n\n\n\n<p><strong>Publicidad comportamental&nbsp;<\/strong><br>Como se ha descrito anteriormente, utilizamos sus Datos Personales para ofrecerle publicidad dirigida o comunicaciones de marketing que creemos que pueden ser de su inter\u00e9s. Para m\u00e1s informaci\u00f3n sobre el funcionamiento de la publicidad dirigida, puede visitar la p\u00e1gina educativa de la Network Advertising Initiative (\"NAI\") en http:\/\/www.networkadvertising.org\/understanding-online-advertising\/how-does-it-work.&nbsp;<\/p>\n\n\n\n<p>Puede darse de baja de la publicidad dirigida utilizando los siguientes enlaces:&nbsp;<br>- Facebook: https:\/\/www.facebook.com\/settings\/?tab=ads&nbsp;<br>- Google: https:\/\/www.google.com\/settings\/ads\/anonymous&nbsp;<br>-Bing: https:\/\/advertise.bingads.microsoft.com\/en-us\/resources\/policies\/personalized-ads&nbsp;<\/p>\n\n\n\n<p>Adem\u00e1s, puede darse de baja de algunos de estos servicios visitando el portal de exclusi\u00f3n de la Digital Advertising Alliance en: http:\/\/optout.aboutads.info\/.&nbsp;<\/p>\n\n\n\n<p><strong>No rastrear&nbsp;<\/strong><br>Tenga en cuenta que no alteramos las pr\u00e1cticas de recopilaci\u00f3n y uso de datos de nuestro Sitio cuando vemos una se\u00f1al Do Not Track de su navegador.&nbsp;<\/p>\n\n\n\n<p>Procedimiento de actualizaci\u00f3n de la declaraci\u00f3n de confidencialidad del sitio web<\/p>\n\n\n\n<p>Nos reservamos el derecho a modificar o cambiar esta Declaraci\u00f3n de Privacidad del Sitio Web en cualquier momento, por lo que le rogamos que la revise con frecuencia. Si cambiamos esta Declaraci\u00f3n de Privacidad del Sitio Web, publicaremos la versi\u00f3n revisada, con una fecha de revisi\u00f3n actualizada. Si contin\u00faa utilizando nuestro sitio web despu\u00e9s de la entrada en vigor de dichas revisiones, usted acepta y est\u00e1 de acuerdo con las mismas.<\/p>\n\n\n\n<p><strong>Interpretaci\u00f3n de la declaraci\u00f3n de confidencialidad de este sitio web<\/strong><br>Cualquier interpretaci\u00f3n de esta Declaraci\u00f3n de Privacidad del Sitio Web ser\u00e1 realizada por Transtek. Esta Declaraci\u00f3n de Privacidad del Sitio Web no crea ni confiere a ning\u00fan individuo ning\u00fan derecho o impone a Transtek ninguna obligaci\u00f3n fuera de, o adem\u00e1s de, cualquier derecho u obligaci\u00f3n impuesta por las leyes de privacidad aplicables a los Datos Personales de dicho individuo. Si hubiera, en un caso espec\u00edfico, alguna contradicci\u00f3n entre esta Declaraci\u00f3n de Privacidad del Sitio Web y dichas leyes de privacidad, esta Declaraci\u00f3n de Privacidad del Sitio Web se interpretar\u00e1 para cumplir con dichas leyes de privacidad?<\/p>\n\n\n\n<p>P\u00f3ngase en contacto con nosotros&nbsp;<br>Para obtener m\u00e1s informaci\u00f3n sobre nuestras pr\u00e1cticas de privacidad, si tiene alguna pregunta o si desea presentar una queja, p\u00f3ngase en contacto con nosotros por correo electr\u00f3nico en shangyang-63@sy-beauty.com.<\/p>\n\n\n\n<p><\/p>","protected":false},"excerpt":{"rendered":"<p>This Privacy Policy describes how your personal information is collected, used, and shared when you visit or make a purchase from https:\/\/www.sy-beauty.com\/ (the \u201cSite\u201d).&nbsp; Personal information we collect&nbsp;When you visit the Site, we automatically collect certain information about your device, including information about your web browser, IP address, time zone, and some of the cookies [&hellip;]<\/p>","protected":false},"author":1,"featured_media":0,"parent":0,"menu_order":0,"comment_status":"closed","ping_status":"closed","template":"","meta":{"site-sidebar-layout":"default","site-content-layout":"","ast-site-content-layout":"default","site-content-style":"default","site-sidebar-style":"default","ast-global-header-display":"","ast-banner-title-visibility":"","ast-main-header-display":"","ast-hfb-above-header-display":"","ast-hfb-below-header-display":"","ast-hfb-mobile-header-display":"","site-post-title":"","ast-breadcrumbs-content":"","ast-featured-img":"","footer-sml-layout":"","theme-transparent-header-meta":"","adv-header-id-meta":"","stick-header-meta":"","header-above-stick-meta":"","header-main-stick-meta":"","header-below-stick-meta":"","astra-migrate-meta-layouts":"set","ast-page-background-enabled":"default","ast-page-background-meta":{"desktop":{"background-color":"var(--ast-global-color-4)","background-image":"","background-repeat":"repeat","background-position":"center center","background-size":"auto","background-attachment":"scroll","background-type":"","background-media":"","overlay-type":"","overlay-color":"","overlay-opacity":"","overlay-gradient":""},"tablet":{"background-color":"","background-image":"","background-repeat":"repeat","background-position":"center center","background-size":"auto","background-attachment":"scroll","background-type":"","background-media":"","overlay-type":"","overlay-color":"","overlay-opacity":"","overlay-gradient":""},"mobile":{"background-color":"","background-image":"","background-repeat":"repeat","background-position":"center center","background-size":"auto","background-attachment":"scroll","background-type":"","background-media":"","overlay-type":"","overlay-color":"","overlay-opacity":"","overlay-gradient":""}},"ast-content-background-meta":{"desktop":{"background-color":"var(--ast-global-color-5)","background-image":"","background-repeat":"repeat","background-position":"center center","background-size":"auto","background-attachment":"scroll","background-type":"","background-media":"","overlay-type":"","overlay-color":"","overlay-opacity":"","overlay-gradient":""},"tablet":{"background-color":"var(--ast-global-color-5)","background-image":"","background-repeat":"repeat","background-position":"center center","background-size":"auto","background-attachment":"scroll","background-type":"","background-media":"","overlay-type":"","overlay-color":"","overlay-opacity":"","overlay-gradient":""},"mobile":{"background-color":"var(--ast-global-color-5)","background-image":"","background-repeat":"repeat","background-position":"center center","background-size":"auto","background-attachment":"scroll","background-type":"","background-media":"","overlay-type":"","overlay-color":"","overlay-opacity":"","overlay-gradient":""}},"footnotes":""},"class_list":["post-1111","page","type-page","status-publish","hentry"],"yoast_head":"<!-- This site is optimized with the Yoast SEO plugin v23.3 - https:\/\/yoast.com\/wordpress\/plugins\/seo\/ -->\n<title>PRIVACY POLICY<\/title>\n<meta name=\"robots\" content=\"index, follow, max-snippet:-1, max-image-preview:large, max-video-preview:-1\" \/>\n<link rel=\"canonical\" href=\"https:\/\/sy-beauty.com\/es\/privacy-policy\/\" \/>\n<meta property=\"og:locale\" content=\"es_ES\" \/>\n<meta property=\"og:type\" content=\"article\" \/>\n<meta property=\"og:title\" content=\"PRIVACY POLICY\" \/>\n<meta property=\"og:description\" content=\"This Privacy Policy describes how your personal information is collected, used, and shared when you visit or make a purchase from https:\/\/www.sy-beauty.com\/ (the \u201cSite\u201d).&nbsp; Personal information we collect&nbsp;When you visit the Site, we automatically collect certain information about your device, including information about your web browser, IP address, time zone, and some of the cookies [&hellip;]\" \/>\n<meta property=\"og:url\" content=\"https:\/\/sy-beauty.com\/es\/privacy-policy\/\" \/>\n<meta property=\"article:publisher\" content=\"https:\/\/www.facebook.com\/SHANGYANGGLOBAL\" \/>\n<meta property=\"article:modified_time\" content=\"2024-03-16T10:30:02+00:00\" \/>\n<meta name=\"twitter:card\" content=\"summary_large_image\" \/>\n<meta name=\"twitter:label1\" content=\"Tiempo de lectura\" \/>\n\t<meta name=\"twitter:data1\" content=\"3 minutos\" \/>\n<script type=\"application\/ld+json\" class=\"yoast-schema-graph\">{\"@context\":\"https:\/\/schema.org\",\"@graph\":[{\"@type\":\"WebPage\",\"@id\":\"https:\/\/sy-beauty.com\/privacy-policy\/\",\"url\":\"https:\/\/sy-beauty.com\/privacy-policy\/\",\"name\":\"PRIVACY POLICY\",\"isPartOf\":{\"@id\":\"https:\/\/sy-beauty.com\/#website\"},\"datePublished\":\"2023-11-07T09:12:38+00:00\",\"dateModified\":\"2024-03-16T10:30:02+00:00\",\"breadcrumb\":{\"@id\":\"https:\/\/sy-beauty.com\/privacy-policy\/#breadcrumb\"},\"inLanguage\":\"es\",\"potentialAction\":[{\"@type\":\"ReadAction\",\"target\":[\"https:\/\/sy-beauty.com\/privacy-policy\/\"]}]},{\"@type\":\"BreadcrumbList\",\"@id\":\"https:\/\/sy-beauty.com\/privacy-policy\/#breadcrumb\",\"itemListElement\":[{\"@type\":\"ListItem\",\"position\":1,\"name\":\"Home\",\"item\":\"https:\/\/sy-beauty.com\/\"},{\"@type\":\"ListItem\",\"position\":2,\"name\":\"PRIVACY POLICY\"}]},{\"@type\":\"WebSite\",\"@id\":\"https:\/\/sy-beauty.com\/#website\",\"url\":\"https:\/\/sy-beauty.com\/\",\"name\":\"https:\/\/sy-beauty.com\/\",\"description\":\"\",\"publisher\":{\"@id\":\"https:\/\/sy-beauty.com\/#organization\"},\"potentialAction\":[{\"@type\":\"SearchAction\",\"target\":{\"@type\":\"EntryPoint\",\"urlTemplate\":\"https:\/\/sy-beauty.com\/?s={search_term_string}\"},\"query-input\":\"required name=search_term_string\"}],\"inLanguage\":\"es\"},{\"@type\":\"Organization\",\"@id\":\"https:\/\/sy-beauty.com\/#organization\",\"name\":\"shangyang makeup brush\",\"url\":\"https:\/\/sy-beauty.com\/\",\"logo\":{\"@type\":\"ImageObject\",\"inLanguage\":\"es\",\"@id\":\"https:\/\/sy-beauty.com\/#\/schema\/logo\/image\/\",\"url\":\"https:\/\/sy-beauty.com\/wp-content\/uploads\/2023\/08\/logos.webp\",\"contentUrl\":\"https:\/\/sy-beauty.com\/wp-content\/uploads\/2023\/08\/logos.webp\",\"width\":402,\"height\":295,\"caption\":\"shangyang makeup brush\"},\"image\":{\"@id\":\"https:\/\/sy-beauty.com\/#\/schema\/logo\/image\/\"},\"sameAs\":[\"https:\/\/www.facebook.com\/SHANGYANGGLOBAL\",\"https:\/\/www.instagram.com\/sybeautybrush\/\",\"https:\/\/www.youtube.com\/@SYBeautyBrush\"]}]}<\/script>\n<!-- \/ Yoast SEO plugin. -->","yoast_head_json":{"title":"PRIVACY POLICY","robots":{"index":"index","follow":"follow","max-snippet":"max-snippet:-1","max-image-preview":"max-image-preview:large","max-video-preview":"max-video-preview:-1"},"canonical":"https:\/\/sy-beauty.com\/es\/privacy-policy\/","og_locale":"es_ES","og_type":"article","og_title":"PRIVACY POLICY","og_description":"This Privacy Policy describes how your personal information is collected, used, and shared when you visit or make a purchase from https:\/\/www.sy-beauty.com\/ (the \u201cSite\u201d).&nbsp; Personal information we collect&nbsp;When you visit the Site, we automatically collect certain information about your device, including information about your web browser, IP address, time zone, and some of the cookies [&hellip;]","og_url":"https:\/\/sy-beauty.com\/es\/privacy-policy\/","article_publisher":"https:\/\/www.facebook.com\/SHANGYANGGLOBAL","article_modified_time":"2024-03-16T10:30:02+00:00","twitter_card":"summary_large_image","twitter_misc":{"Tiempo de lectura":"3 minutos"},"schema":{"@context":"https:\/\/schema.org","@graph":[{"@type":"WebPage","@id":"https:\/\/sy-beauty.com\/privacy-policy\/","url":"https:\/\/sy-beauty.com\/privacy-policy\/","name":"PRIVACY POLICY","isPartOf":{"@id":"https:\/\/sy-beauty.com\/#website"},"datePublished":"2023-11-07T09:12:38+00:00","dateModified":"2024-03-16T10:30:02+00:00","breadcrumb":{"@id":"https:\/\/sy-beauty.com\/privacy-policy\/#breadcrumb"},"inLanguage":"es","potentialAction":[{"@type":"ReadAction","target":["https:\/\/sy-beauty.com\/privacy-policy\/"]}]},{"@type":"BreadcrumbList","@id":"https:\/\/sy-beauty.com\/privacy-policy\/#breadcrumb","itemListElement":[{"@type":"ListItem","position":1,"name":"Home","item":"https:\/\/sy-beauty.com\/"},{"@type":"ListItem","position":2,"name":"PRIVACY POLICY"}]},{"@type":"WebSite","@id":"https:\/\/sy-beauty.com\/#website","url":"https:\/\/sy-beauty.com\/","name":"https:\/\/sy-beauty.com\/","description":"","publisher":{"@id":"https:\/\/sy-beauty.com\/#organization"},"potentialAction":[{"@type":"SearchAction","target":{"@type":"EntryPoint","urlTemplate":"https:\/\/sy-beauty.com\/?s={search_term_string}"},"query-input":"required name=search_term_string"}],"inLanguage":"es"},{"@type":"Organization","@id":"https:\/\/sy-beauty.com\/#organization","name":"shangyang makeup brush","url":"https:\/\/sy-beauty.com\/","logo":{"@type":"ImageObject","inLanguage":"es","@id":"https:\/\/sy-beauty.com\/#\/schema\/logo\/image\/","url":"https:\/\/sy-beauty.com\/wp-content\/uploads\/2023\/08\/logos.webp","contentUrl":"https:\/\/sy-beauty.com\/wp-content\/uploads\/2023\/08\/logos.webp","width":402,"height":295,"caption":"shangyang makeup brush"},"image":{"@id":"https:\/\/sy-beauty.com\/#\/schema\/logo\/image\/"},"sameAs":["https:\/\/www.facebook.com\/SHANGYANGGLOBAL","https:\/\/www.instagram.com\/sybeautybrush\/","https:\/\/www.youtube.com\/@SYBeautyBrush"]}]}},"_links":{"self":[{"href":"https:\/\/sy-beauty.com\/es\/wp-json\/wp\/v2\/pages\/1111","targetHints":{"allow":["GET"]}}],"collection":[{"href":"https:\/\/sy-beauty.com\/es\/wp-json\/wp\/v2\/pages"}],"about":[{"href":"https:\/\/sy-beauty.com\/es\/wp-json\/wp\/v2\/types\/page"}],"author":[{"embeddable":true,"href":"https:\/\/sy-beauty.com\/es\/wp-json\/wp\/v2\/users\/1"}],"replies":[{"embeddable":true,"href":"https:\/\/sy-beauty.com\/es\/wp-json\/wp\/v2\/comments?post=1111"}],"version-history":[{"count":0,"href":"https:\/\/sy-beauty.com\/es\/wp-json\/wp\/v2\/pages\/1111\/revisions"}],"wp:attachment":[{"href":"https:\/\/sy-beauty.com\/es\/wp-json\/wp\/v2\/media?parent=1111"}],"curies":[{"name":"wp","href":"https:\/\/api.w.org\/{rel}","templated":true}]}}