{"id":1111,"date":"2023-11-07T17:12:38","date_gmt":"2023-11-07T09:12:38","guid":{"rendered":"https:\/\/sy-beauty.com\/?page_id=1111"},"modified":"2024-03-16T18:30:02","modified_gmt":"2024-03-16T10:30:02","slug":"privacy-policy","status":"publish","type":"page","link":"https:\/\/sy-beauty.com\/de\/privacy-policy\/","title":{"rendered":"DATENSCHUTZPOLITIK"},"content":{"rendered":"<p>Diese Datenschutzrichtlinie beschreibt, wie Ihre pers\u00f6nlichen Daten gesammelt, verwendet und weitergegeben werden, wenn Sie https:\/\/www.sy-beauty.com\/ (die \"Website\") besuchen oder dort einkaufen.&nbsp;<\/p>\n\n\n\n<p><strong>Pers\u00f6nliche Informationen, die wir sammeln&nbsp;<\/strong><br>Wenn Sie die Website besuchen, erfassen wir automatisch bestimmte Informationen \u00fcber Ihr Ger\u00e4t, einschlie\u00dflich Informationen \u00fcber Ihren Webbrowser, Ihre IP-Adresse, Ihre Zeitzone und einige der Cookies, die auf Ihrem Ger\u00e4t installiert sind. Wenn Sie auf der Website surfen, erfassen wir au\u00dferdem Informationen \u00fcber die einzelnen Webseiten oder Produkte, die Sie sich ansehen, welche Websites oder Suchbegriffe Sie auf die Website verwiesen haben und Informationen dar\u00fcber, wie Sie mit der Website interagieren. Wir bezeichnen diese automatisch gesammelten Informationen als \"Ger\u00e4teinformationen\".&nbsp;<\/p>\n\n\n\n<p>Wir erfassen Ger\u00e4teinformationen mithilfe der folgenden Technologien:&nbsp;<br>- Cookies\" sind Datendateien, die auf Ihrem Ger\u00e4t oder Computer abgelegt werden und oft eine anonyme eindeutige Kennung enthalten. Weitere Informationen \u00fcber Cookies und wie Sie Cookies deaktivieren k\u00f6nnen, finden Sie unter http:\/\/www.allaboutcookies.org.&nbsp;<br>- Logdateien\" verfolgen die Aktionen auf der Website und erfassen Daten wie Ihre IP-Adresse, den Browsertyp, den Internetdienstanbieter, die Verweis- und Ausgangsseiten sowie Datums- und Zeitstempel.&nbsp;<br>- \"Web Beacons\", \"Tags\" und \"Pixel\" sind elektronische Dateien, die dazu dienen, Informationen dar\u00fcber aufzuzeichnen, wie Sie auf der Website surfen.&nbsp;<\/p>\n\n\n\n<p><strong>Weitergabe Ihrer pers\u00f6nlichen Informationen&nbsp;<\/strong><br>Wir geben Ihre pers\u00f6nlichen Daten an Dritte weiter, die uns bei der Verwendung Ihrer pers\u00f6nlichen Daten helfen, wie oben beschrieben. Wir verwenden Google Analytics, um zu verstehen, wie unsere Kunden die Website nutzen - Sie k\u00f6nnen hier mehr dar\u00fcber lesen, wie Google Ihre pers\u00f6nlichen Daten verwendet: https:\/\/www.google.com\/intl\/en\/policies\/privacy\/. Sie k\u00f6nnen Google Analytics auch hier abbestellen: https:\/\/tools.google.com\/dlpage\/gaoptout.&nbsp;<\/p>\n\n\n\n<p>Schlie\u00dflich k\u00f6nnen wir Ihre pers\u00f6nlichen Daten auch weitergeben, um geltende Gesetze und Vorschriften einzuhalten, um auf Vorladungen, Durchsuchungsbefehle oder andere rechtm\u00e4\u00dfige Anfragen nach Informationen, die wir erhalten, zu reagieren oder um unsere Rechte anderweitig zu sch\u00fctzen.&nbsp;<\/p>\n\n\n\n<p><strong>Verhaltensbasierte Werbung&nbsp;<\/strong><br>Wie oben beschrieben, verwenden wir Ihre pers\u00f6nlichen Daten, um Ihnen gezielte Werbung oder Marketingkommunikation zukommen zu lassen, von der wir glauben, dass sie f\u00fcr Sie von Interesse sein k\u00f6nnte. Weitere Informationen dar\u00fcber, wie gezielte Werbung funktioniert, finden Sie auf der Bildungsseite der Network Advertising Initiative (\"NAI\") unter http:\/\/www.networkadvertising.org\/understanding-online-advertising\/how-does-it-work.&nbsp;<\/p>\n\n\n\n<p>\u00dcber die unten stehenden Links k\u00f6nnen Sie gezielte Werbung ablehnen:&nbsp;<br>- Facebook: https:\/\/www.facebook.com\/settings\/?tab=ads&nbsp;<br>- Google: https:\/\/www.google.com\/settings\/ads\/anonymous&nbsp;<br>-Bing: https:\/\/advertise.bingads.microsoft.com\/en-us\/resources\/policies\/personalized-ads&nbsp;<\/p>\n\n\n\n<p>Dar\u00fcber hinaus k\u00f6nnen Sie sich von einigen dieser Dienste abmelden, indem Sie das Abmeldeportal der Digital Advertising Alliance besuchen: http:\/\/optout.aboutads.info\/.&nbsp;<\/p>\n\n\n\n<p><strong>Nicht verfolgen&nbsp;<\/strong><br>Bitte beachten Sie, dass wir die Datenerfassungs- und -verwendungspraktiken unserer Website nicht \u00e4ndern, wenn wir ein \"Do Not Track\"-Signal von Ihrem Browser sehen.&nbsp;<\/p>\n\n\n\n<p>Verfahren zur Aktualisierung der Website-Datenschutzerkl\u00e4rung<\/p>\n\n\n\n<p>Wir behalten uns das Recht vor, diese Website-Datenschutzerkl\u00e4rung jederzeit zu erg\u00e4nzen oder zu \u00e4ndern, daher bitten wir Sie, sie regelm\u00e4\u00dfig zu \u00fcberpr\u00fcfen. Wenn wir diese Website-Datenschutzerkl\u00e4rung \u00e4ndern, werden wir die \u00fcberarbeitete Version mit einem aktualisierten \u00c4nderungsdatum ver\u00f6ffentlichen. Indem Sie unsere Website nach Inkrafttreten solcher \u00c4nderungen weiterhin nutzen, akzeptieren Sie die \u00c4nderungen und stimmen ihnen zu.<\/p>\n\n\n\n<p><strong>Auslegung der Datenschutzerkl\u00e4rung dieser Website<\/strong><br>Die Auslegung dieser Website-Datenschutzerkl\u00e4rung erfolgt durch Transtek. Diese Datenschutzerkl\u00e4rung f\u00fcr die Website begr\u00fcndet oder \u00fcbertr\u00e4gt dem Einzelnen keine Rechte und erlegt Transtek keine Verpflichtungen auf, die \u00fcber die Rechte oder Verpflichtungen hinausgehen, die sich aus den f\u00fcr die pers\u00f6nlichen Daten des Einzelnen geltenden Datenschutzgesetzen ergeben. Sollte in einem bestimmten Fall eine Unstimmigkeit zwischen dieser Website-Datenschutzerkl\u00e4rung und solchen Datenschutzgesetzen bestehen, ist diese Website-Datenschutzerkl\u00e4rung so auszulegen, dass sie mit diesen Datenschutzgesetzen \u00fcbereinstimmt.<\/p>\n\n\n\n<p>Kontakt&nbsp;<br>Wenn Sie weitere Informationen \u00fcber unsere Datenschutzpraktiken w\u00fcnschen, Fragen haben oder eine Beschwerde einreichen m\u00f6chten, wenden Sie sich bitte per E-Mail an shangyang-63@sy-beauty.com.<\/p>\n\n\n\n<p><\/p>","protected":false},"excerpt":{"rendered":"<p>This Privacy Policy describes how your personal information is collected, used, and shared when you visit or make a purchase from https:\/\/www.sy-beauty.com\/ (the \u201cSite\u201d).&nbsp; Personal information we collect&nbsp;When you visit the Site, we automatically collect certain information about your device, including information about your web browser, IP address, time zone, and some of the cookies [&hellip;]<\/p>","protected":false},"author":1,"featured_media":0,"parent":0,"menu_order":0,"comment_status":"closed","ping_status":"closed","template":"","meta":{"site-sidebar-layout":"default","site-content-layout":"","ast-site-content-layout":"default","site-content-style":"default","site-sidebar-style":"default","ast-global-header-display":"","ast-banner-title-visibility":"","ast-main-header-display":"","ast-hfb-above-header-display":"","ast-hfb-below-header-display":"","ast-hfb-mobile-header-display":"","site-post-title":"","ast-breadcrumbs-content":"","ast-featured-img":"","footer-sml-layout":"","theme-transparent-header-meta":"","adv-header-id-meta":"","stick-header-meta":"","header-above-stick-meta":"","header-main-stick-meta":"","header-below-stick-meta":"","astra-migrate-meta-layouts":"set","ast-page-background-enabled":"default","ast-page-background-meta":{"desktop":{"background-color":"var(--ast-global-color-4)","background-image":"","background-repeat":"repeat","background-position":"center center","background-size":"auto","background-attachment":"scroll","background-type":"","background-media":"","overlay-type":"","overlay-color":"","overlay-opacity":"","overlay-gradient":""},"tablet":{"background-color":"","background-image":"","background-repeat":"repeat","background-position":"center center","background-size":"auto","background-attachment":"scroll","background-type":"","background-media":"","overlay-type":"","overlay-color":"","overlay-opacity":"","overlay-gradient":""},"mobile":{"background-color":"","background-image":"","background-repeat":"repeat","background-position":"center center","background-size":"auto","background-attachment":"scroll","background-type":"","background-media":"","overlay-type":"","overlay-color":"","overlay-opacity":"","overlay-gradient":""}},"ast-content-background-meta":{"desktop":{"background-color":"var(--ast-global-color-5)","background-image":"","background-repeat":"repeat","background-position":"center center","background-size":"auto","background-attachment":"scroll","background-type":"","background-media":"","overlay-type":"","overlay-color":"","overlay-opacity":"","overlay-gradient":""},"tablet":{"background-color":"var(--ast-global-color-5)","background-image":"","background-repeat":"repeat","background-position":"center center","background-size":"auto","background-attachment":"scroll","background-type":"","background-media":"","overlay-type":"","overlay-color":"","overlay-opacity":"","overlay-gradient":""},"mobile":{"background-color":"var(--ast-global-color-5)","background-image":"","background-repeat":"repeat","background-position":"center center","background-size":"auto","background-attachment":"scroll","background-type":"","background-media":"","overlay-type":"","overlay-color":"","overlay-opacity":"","overlay-gradient":""}},"footnotes":""},"class_list":["post-1111","page","type-page","status-publish","hentry"],"yoast_head":"<!-- This site is optimized with the Yoast SEO plugin v23.3 - https:\/\/yoast.com\/wordpress\/plugins\/seo\/ -->\n<title>PRIVACY POLICY<\/title>\n<meta name=\"robots\" content=\"index, follow, max-snippet:-1, max-image-preview:large, max-video-preview:-1\" \/>\n<link rel=\"canonical\" href=\"https:\/\/sy-beauty.com\/de\/privacy-policy\/\" \/>\n<meta property=\"og:locale\" content=\"de_DE\" \/>\n<meta property=\"og:type\" content=\"article\" \/>\n<meta property=\"og:title\" content=\"PRIVACY POLICY\" \/>\n<meta property=\"og:description\" content=\"This Privacy Policy describes how your personal information is collected, used, and shared when you visit or make a purchase from https:\/\/www.sy-beauty.com\/ (the \u201cSite\u201d).&nbsp; Personal information we collect&nbsp;When you visit the Site, we automatically collect certain information about your device, including information about your web browser, IP address, time zone, and some of the cookies [&hellip;]\" \/>\n<meta property=\"og:url\" content=\"https:\/\/sy-beauty.com\/de\/privacy-policy\/\" \/>\n<meta property=\"article:publisher\" content=\"https:\/\/www.facebook.com\/SHANGYANGGLOBAL\" \/>\n<meta property=\"article:modified_time\" content=\"2024-03-16T10:30:02+00:00\" \/>\n<meta name=\"twitter:card\" content=\"summary_large_image\" \/>\n<meta name=\"twitter:label1\" content=\"Gesch\u00e4tzte Lesezeit\" \/>\n\t<meta name=\"twitter:data1\" content=\"3\u00a0Minuten\" \/>\n<script type=\"application\/ld+json\" class=\"yoast-schema-graph\">{\"@context\":\"https:\/\/schema.org\",\"@graph\":[{\"@type\":\"WebPage\",\"@id\":\"https:\/\/sy-beauty.com\/privacy-policy\/\",\"url\":\"https:\/\/sy-beauty.com\/privacy-policy\/\",\"name\":\"PRIVACY POLICY\",\"isPartOf\":{\"@id\":\"https:\/\/sy-beauty.com\/#website\"},\"datePublished\":\"2023-11-07T09:12:38+00:00\",\"dateModified\":\"2024-03-16T10:30:02+00:00\",\"breadcrumb\":{\"@id\":\"https:\/\/sy-beauty.com\/privacy-policy\/#breadcrumb\"},\"inLanguage\":\"de\",\"potentialAction\":[{\"@type\":\"ReadAction\",\"target\":[\"https:\/\/sy-beauty.com\/privacy-policy\/\"]}]},{\"@type\":\"BreadcrumbList\",\"@id\":\"https:\/\/sy-beauty.com\/privacy-policy\/#breadcrumb\",\"itemListElement\":[{\"@type\":\"ListItem\",\"position\":1,\"name\":\"Home\",\"item\":\"https:\/\/sy-beauty.com\/\"},{\"@type\":\"ListItem\",\"position\":2,\"name\":\"PRIVACY POLICY\"}]},{\"@type\":\"WebSite\",\"@id\":\"https:\/\/sy-beauty.com\/#website\",\"url\":\"https:\/\/sy-beauty.com\/\",\"name\":\"https:\/\/sy-beauty.com\/\",\"description\":\"\",\"publisher\":{\"@id\":\"https:\/\/sy-beauty.com\/#organization\"},\"potentialAction\":[{\"@type\":\"SearchAction\",\"target\":{\"@type\":\"EntryPoint\",\"urlTemplate\":\"https:\/\/sy-beauty.com\/?s={search_term_string}\"},\"query-input\":\"required name=search_term_string\"}],\"inLanguage\":\"de\"},{\"@type\":\"Organization\",\"@id\":\"https:\/\/sy-beauty.com\/#organization\",\"name\":\"shangyang makeup brush\",\"url\":\"https:\/\/sy-beauty.com\/\",\"logo\":{\"@type\":\"ImageObject\",\"inLanguage\":\"de\",\"@id\":\"https:\/\/sy-beauty.com\/#\/schema\/logo\/image\/\",\"url\":\"https:\/\/sy-beauty.com\/wp-content\/uploads\/2023\/08\/logos.webp\",\"contentUrl\":\"https:\/\/sy-beauty.com\/wp-content\/uploads\/2023\/08\/logos.webp\",\"width\":402,\"height\":295,\"caption\":\"shangyang makeup brush\"},\"image\":{\"@id\":\"https:\/\/sy-beauty.com\/#\/schema\/logo\/image\/\"},\"sameAs\":[\"https:\/\/www.facebook.com\/SHANGYANGGLOBAL\",\"https:\/\/www.instagram.com\/sybeautybrush\/\",\"https:\/\/www.youtube.com\/@SYBeautyBrush\"]}]}<\/script>\n<!-- \/ Yoast SEO plugin. -->","yoast_head_json":{"title":"PRIVACY POLICY","robots":{"index":"index","follow":"follow","max-snippet":"max-snippet:-1","max-image-preview":"max-image-preview:large","max-video-preview":"max-video-preview:-1"},"canonical":"https:\/\/sy-beauty.com\/de\/privacy-policy\/","og_locale":"de_DE","og_type":"article","og_title":"PRIVACY POLICY","og_description":"This Privacy Policy describes how your personal information is collected, used, and shared when you visit or make a purchase from https:\/\/www.sy-beauty.com\/ (the \u201cSite\u201d).&nbsp; Personal information we collect&nbsp;When you visit the Site, we automatically collect certain information about your device, including information about your web browser, IP address, time zone, and some of the cookies [&hellip;]","og_url":"https:\/\/sy-beauty.com\/de\/privacy-policy\/","article_publisher":"https:\/\/www.facebook.com\/SHANGYANGGLOBAL","article_modified_time":"2024-03-16T10:30:02+00:00","twitter_card":"summary_large_image","twitter_misc":{"Gesch\u00e4tzte Lesezeit":"3\u00a0Minuten"},"schema":{"@context":"https:\/\/schema.org","@graph":[{"@type":"WebPage","@id":"https:\/\/sy-beauty.com\/privacy-policy\/","url":"https:\/\/sy-beauty.com\/privacy-policy\/","name":"PRIVACY POLICY","isPartOf":{"@id":"https:\/\/sy-beauty.com\/#website"},"datePublished":"2023-11-07T09:12:38+00:00","dateModified":"2024-03-16T10:30:02+00:00","breadcrumb":{"@id":"https:\/\/sy-beauty.com\/privacy-policy\/#breadcrumb"},"inLanguage":"de","potentialAction":[{"@type":"ReadAction","target":["https:\/\/sy-beauty.com\/privacy-policy\/"]}]},{"@type":"BreadcrumbList","@id":"https:\/\/sy-beauty.com\/privacy-policy\/#breadcrumb","itemListElement":[{"@type":"ListItem","position":1,"name":"Home","item":"https:\/\/sy-beauty.com\/"},{"@type":"ListItem","position":2,"name":"PRIVACY POLICY"}]},{"@type":"WebSite","@id":"https:\/\/sy-beauty.com\/#website","url":"https:\/\/sy-beauty.com\/","name":"https:\/\/sy-beauty.com\/","description":"","publisher":{"@id":"https:\/\/sy-beauty.com\/#organization"},"potentialAction":[{"@type":"SearchAction","target":{"@type":"EntryPoint","urlTemplate":"https:\/\/sy-beauty.com\/?s={search_term_string}"},"query-input":"required name=search_term_string"}],"inLanguage":"de"},{"@type":"Organization","@id":"https:\/\/sy-beauty.com\/#organization","name":"shangyang makeup brush","url":"https:\/\/sy-beauty.com\/","logo":{"@type":"ImageObject","inLanguage":"de","@id":"https:\/\/sy-beauty.com\/#\/schema\/logo\/image\/","url":"https:\/\/sy-beauty.com\/wp-content\/uploads\/2023\/08\/logos.webp","contentUrl":"https:\/\/sy-beauty.com\/wp-content\/uploads\/2023\/08\/logos.webp","width":402,"height":295,"caption":"shangyang makeup brush"},"image":{"@id":"https:\/\/sy-beauty.com\/#\/schema\/logo\/image\/"},"sameAs":["https:\/\/www.facebook.com\/SHANGYANGGLOBAL","https:\/\/www.instagram.com\/sybeautybrush\/","https:\/\/www.youtube.com\/@SYBeautyBrush"]}]}},"_links":{"self":[{"href":"https:\/\/sy-beauty.com\/de\/wp-json\/wp\/v2\/pages\/1111","targetHints":{"allow":["GET"]}}],"collection":[{"href":"https:\/\/sy-beauty.com\/de\/wp-json\/wp\/v2\/pages"}],"about":[{"href":"https:\/\/sy-beauty.com\/de\/wp-json\/wp\/v2\/types\/page"}],"author":[{"embeddable":true,"href":"https:\/\/sy-beauty.com\/de\/wp-json\/wp\/v2\/users\/1"}],"replies":[{"embeddable":true,"href":"https:\/\/sy-beauty.com\/de\/wp-json\/wp\/v2\/comments?post=1111"}],"version-history":[{"count":0,"href":"https:\/\/sy-beauty.com\/de\/wp-json\/wp\/v2\/pages\/1111\/revisions"}],"wp:attachment":[{"href":"https:\/\/sy-beauty.com\/de\/wp-json\/wp\/v2\/media?parent=1111"}],"curies":[{"name":"wp","href":"https:\/\/api.w.org\/{rel}","templated":true}]}}